{"id":283,"date":"2025-04-19T15:18:00","date_gmt":"2025-04-19T15:18:00","guid":{"rendered":"https:\/\/docs.valuations.lt\/?page_id=283"},"modified":"2025-04-19T15:28:21","modified_gmt":"2025-04-19T15:28:21","slug":"prisijungimas","status":"publish","type":"page","link":"https:\/\/docs.valuations.lt\/","title":{"rendered":"\u012e\u017eanga \u012f \u012frank\u012f"},"content":{"rendered":"\n<p>\u012erankio prisijungimo nuoroda: <a href=\"http:\/\/new.valuations.lt\" target=\"_blank\" rel=\"noreferrer noopener\">http:\/\/new.valuations.lt<\/a>. Prisijunkite savo el. pa\u0161tu ir slapta\u017eod\u017eiu. Slapta\u017eod\u017eio suk\u016brimo ar atstatymo nuorod\u0105 jums atsi\u0173s biuro vadovas, kuriam priskirta moderatoriaus rol\u0117. <\/p>\n\n\n<div class=\"wp-block-image\">\n<figure class=\"aligncenter size-large is-resized\"><img loading=\"lazy\" decoding=\"async\" width=\"1024\" height=\"789\" src=\"https:\/\/docs.valuations.lt\/wp-content\/uploads\/2024\/03\/login-screen-1024x789.png\" alt=\"\" class=\"wp-image-169\" style=\"width:472px;height:auto\" srcset=\"https:\/\/docs.valuations.lt\/wp-content\/uploads\/2024\/03\/login-screen-1024x789.png 1024w, https:\/\/docs.valuations.lt\/wp-content\/uploads\/2024\/03\/login-screen-300x231.png 300w, https:\/\/docs.valuations.lt\/wp-content\/uploads\/2024\/03\/login-screen-768x592.png 768w, https:\/\/docs.valuations.lt\/wp-content\/uploads\/2024\/03\/login-screen.png 1082w\" sizes=\"auto, (max-width: 1024px) 100vw, 1024px\" \/><\/figure>\n<\/div>\n\n\n<h3 class=\"wp-block-heading\">Pagrindiniai navigacijos elementai<\/h3>\n\n\n\n<p>Apa\u010dioje apra\u0161yti pagrindiniai pradinio lango elementai:<\/p>\n\n\n\n<figure class=\"wp-block-image size-large\"><img loading=\"lazy\" decoding=\"async\" width=\"1024\" height=\"703\" src=\"https:\/\/docs.valuations.lt\/wp-content\/uploads\/2024\/03\/Slice-1-1024x703.png\" alt=\"\" class=\"wp-image-170\" srcset=\"https:\/\/docs.valuations.lt\/wp-content\/uploads\/2024\/03\/Slice-1-1024x703.png 1024w, https:\/\/docs.valuations.lt\/wp-content\/uploads\/2024\/03\/Slice-1-300x206.png 300w, https:\/\/docs.valuations.lt\/wp-content\/uploads\/2024\/03\/Slice-1-768x527.png 768w, https:\/\/docs.valuations.lt\/wp-content\/uploads\/2024\/03\/Slice-1.png 1497w\" sizes=\"auto, (max-width: 1024px) 100vw, 1024px\" \/><\/figure>\n\n\n\n<p>Ekrano vir\u0161uje kair\u0117je &#8211; j\u016bs\u0173 logotipas, kur\u012f paspaudus gr\u012f\u0161ite \u012f pradin\u012f lang\u0105. Ekrano vir\u0161uje de\u0161in\u0117je rasite nuorod\u0105 \u012f \u0161i\u0105 dokumentacij\u0105, taip pat \u012frankius valdyti organizacijos narius ir kitus nustatymus. Paspaudus profilio ikon\u0117l\u0119 matysite, kokiu vardu esate prisijung\u0119 ir tur\u0117site galimyb\u0119 atsijungti nuo sistemos.<\/p>\n\n\n\n<p>Pagrindinio lango centre yra vertinim\u0173 s\u0105ra\u0161as. Galite rinktis tarp aktyvi\u0173 (dar nepatvirtint\u0173) vertinim\u0173, arba tarp jau atlikt\u0173 vetinim\u0173. <\/p>\n\n\n\n<p>Nor\u0117dami sukurti nauj\u0105 vertinim\u0105 spauskite m\u0117lyn\u0105 suk\u016brimo mygtuk\u0105 (paveiksle pa\u017eym\u0117tu nr. 5).<\/p>\n\n\n\n<h3 class=\"wp-block-heading\"><strong>Sukurto vertinimo per\u017ei\u016bra<\/strong><\/h3>\n\n\n\n<p>Paspaudus &#8220;Per\u017ei\u016br\u0117ti&#8221; prie sukurto vertinimo atsidaro turto ataskaitos santraukos langas, kuriame matysite svarbiausi\u0105 informacij\u0105 apie turt\u0105 &#8211; turto vieta, kokybiniai parametrai:<\/p>\n\n\n\n<figure class=\"wp-block-image size-large\"><img loading=\"lazy\" decoding=\"async\" width=\"1024\" height=\"551\" src=\"https:\/\/docs.valuations.lt\/wp-content\/uploads\/2024\/03\/sukurta-1024x551.png\" alt=\"\" class=\"wp-image-173\" srcset=\"https:\/\/docs.valuations.lt\/wp-content\/uploads\/2024\/03\/sukurta-1024x551.png 1024w, https:\/\/docs.valuations.lt\/wp-content\/uploads\/2024\/03\/sukurta-300x161.png 300w, https:\/\/docs.valuations.lt\/wp-content\/uploads\/2024\/03\/sukurta-768x413.png 768w, https:\/\/docs.valuations.lt\/wp-content\/uploads\/2024\/03\/sukurta-1536x826.png 1536w, https:\/\/docs.valuations.lt\/wp-content\/uploads\/2024\/03\/sukurta-2048x1101.png 2048w\" sizes=\"auto, (max-width: 1024px) 100vw, 1024px\" \/><\/figure>\n\n\n\n<h3 class=\"wp-block-heading\">Organizacijos valdymas<\/h3>\n\n\n\n<p>\u0160i skiltis yra skirta konfiguruoti paskyr\u0105, valdyti vartotojus,  matyti sandori\u0173 sunaudojimo ataskaitas. \u0160i skiltis labiau skirta j\u016bs\u0173 organizacijos moderatoriui.<\/p>\n\n\n\n<figure class=\"wp-block-image size-large\"><img loading=\"lazy\" decoding=\"async\" width=\"1024\" height=\"589\" src=\"https:\/\/docs.valuations.lt\/wp-content\/uploads\/2024\/03\/lmm-1024x589.png\" alt=\"\" class=\"wp-image-174\" srcset=\"https:\/\/docs.valuations.lt\/wp-content\/uploads\/2024\/03\/lmm-1024x589.png 1024w, https:\/\/docs.valuations.lt\/wp-content\/uploads\/2024\/03\/lmm-300x173.png 300w, https:\/\/docs.valuations.lt\/wp-content\/uploads\/2024\/03\/lmm-768x442.png 768w, https:\/\/docs.valuations.lt\/wp-content\/uploads\/2024\/03\/lmm-1536x884.png 1536w, https:\/\/docs.valuations.lt\/wp-content\/uploads\/2024\/03\/lmm-2048x1179.png 2048w\" sizes=\"auto, (max-width: 1024px) 100vw, 1024px\" \/><\/figure>\n\n\n\n<p>Susipa\u017ein\u0119 su pagrindiniais navigacijos elementais, tolimesniame \u017eingsnyje sukursime savo pirm\u0105j\u0105 vertinimo ataskait\u0105.<\/p>\n","protected":false},"excerpt":{"rendered":"<p>\u012erankio prisijungimo nuoroda: http:\/\/new.valuations.lt. Prisijunkite savo el. pa\u0161tu ir slapta\u017eod\u017eiu. Slapta\u017eod\u017eio suk\u016brimo ar atstatymo nuorod\u0105 jums atsi\u0173s biuro vadovas, kuriam priskirta moderatoriaus rol\u0117. Pagrindiniai navigacijos elementai Apa\u010dioje apra\u0161yti pagrindiniai pradinio lango elementai: Ekrano vir\u0161uje kair\u0117je &#8211; j\u016bs\u0173 logotipas, kur\u012f paspaudus gr\u012f\u0161ite \u012f pradin\u012f lang\u0105. Ekrano vir\u0161uje de\u0161in\u0117je rasite nuorod\u0105 \u012f \u0161i\u0105 dokumentacij\u0105, taip pat \u012frankius &hellip; <a href=\"https:\/\/docs.valuations.lt\/\" class=\"more-link\">Continue reading <span class=\"screen-reader-text\">\u012e\u017eanga \u012f \u012frank\u012f<\/span><\/a><\/p>\n","protected":false},"author":1,"featured_media":0,"parent":0,"menu_order":0,"comment_status":"closed","ping_status":"closed","template":"","meta":{"footnotes":""},"class_list":["post-283","page","type-page","status-publish","hentry"],"_links":{"self":[{"href":"https:\/\/docs.valuations.lt\/index.php?rest_route=\/wp\/v2\/pages\/283","targetHints":{"allow":["GET"]}}],"collection":[{"href":"https:\/\/docs.valuations.lt\/index.php?rest_route=\/wp\/v2\/pages"}],"about":[{"href":"https:\/\/docs.valuations.lt\/index.php?rest_route=\/wp\/v2\/types\/page"}],"author":[{"embeddable":true,"href":"https:\/\/docs.valuations.lt\/index.php?rest_route=\/wp\/v2\/users\/1"}],"replies":[{"embeddable":true,"href":"https:\/\/docs.valuations.lt\/index.php?rest_route=%2Fwp%2Fv2%2Fcomments&post=283"}],"version-history":[{"count":2,"href":"https:\/\/docs.valuations.lt\/index.php?rest_route=\/wp\/v2\/pages\/283\/revisions"}],"predecessor-version":[{"id":285,"href":"https:\/\/docs.valuations.lt\/index.php?rest_route=\/wp\/v2\/pages\/283\/revisions\/285"}],"wp:attachment":[{"href":"https:\/\/docs.valuations.lt\/index.php?rest_route=%2Fwp%2Fv2%2Fmedia&parent=283"}],"curies":[{"name":"wp","href":"https:\/\/api.w.org\/{rel}","templated":true}]}}